{"id":7154,"date":"2025-12-11T14:35:17","date_gmt":"2025-12-11T14:35:17","guid":{"rendered":"https:\/\/robinormond.com\/?page_id=7154"},"modified":"2025-12-11T14:39:09","modified_gmt":"2025-12-11T14:39:09","slug":"travaux","status":"publish","type":"page","link":"https:\/\/www.robinormond.com\/en\/travaux\/","title":{"rendered":"Works"},"content":{"rendered":"<div class=\"wp-block-query alignwide is-layout-flow wp-block-query-is-layout-flow\">\n<div class=\"wp-block-group is-layout-flow wp-block-group-is-layout-flow\" style=\"margin-top:0;margin-bottom:0;padding-top:var(--wp--preset--spacing--20);padding-right:0;padding-bottom:var(--wp--preset--spacing--20);padding-left:0\"><ul class=\"columns-3 alignfull wp-block-post-template is-layout-grid wp-container-core-post-template-is-layout-2d080239 wp-block-post-template-is-layout-grid\"><li class=\"wp-block-post post-7092 post type-post status-publish format-standard has-post-thumbnail hentry category-a-venir\">\n<figure style=\"aspect-ratio:3\/4; padding-bottom:var(--wp--preset--spacing--10);margin-bottom:0;\" class=\"wp-block-post-featured-image\"><a href=\"https:\/\/www.robinormond.com\/en\/nocturne\/\" target=\"_self\"  ><img loading=\"lazy\" decoding=\"async\" width=\"2048\" height=\"1358\" src=\"https:\/\/www.robinormond.com\/wp-content\/uploads\/2025\/12\/Coming-soon.jpg\" class=\"attachment-post-thumbnail size-post-thumbnail wp-post-image\" alt=\"Nocturne\" style=\"border-top-left-radius:0px;border-top-right-radius:0px;border-bottom-left-radius:0px;border-bottom-right-radius:0px;width:100%;height:100%;object-fit:cover;\" srcset=\"https:\/\/www.robinormond.com\/wp-content\/uploads\/2025\/12\/Coming-soon.jpg 2048w, https:\/\/www.robinormond.com\/wp-content\/uploads\/2025\/12\/Coming-soon-300x199.jpg 300w, https:\/\/www.robinormond.com\/wp-content\/uploads\/2025\/12\/Coming-soon-1024x679.jpg 1024w, https:\/\/www.robinormond.com\/wp-content\/uploads\/2025\/12\/Coming-soon-768x509.jpg 768w, https:\/\/www.robinormond.com\/wp-content\/uploads\/2025\/12\/Coming-soon-1536x1019.jpg 1536w, https:\/\/www.robinormond.com\/wp-content\/uploads\/2025\/12\/Coming-soon-18x12.jpg 18w\" sizes=\"auto, (max-width: 2048px) 100vw, 2048px\" \/><\/a><\/figure>\n\n\n<div class=\"wp-block-group is-vertical is-nowrap is-layout-flex wp-container-core-group-is-layout-97ba36a5 wp-block-group-is-layout-flex\" style=\"margin-top:var(--wp--preset--spacing--20);padding-top:0\"><h2 class=\"wp-block-post-title has-large-font-size wp-container-content-32e3a40d\"><a href=\"https:\/\/www.robinormond.com\/en\/nocturne\/\" target=\"_self\" >Nachtland<\/a><\/h2>\n\n<div class=\"wp-block-template-part\">\n<div class=\"wp-block-group has-global-padding is-layout-constrained wp-block-group-is-layout-constrained\">\n<div class=\"wp-block-group is-content-justification-left is-layout-flex wp-container-core-group-is-layout-dfe8e91f wp-block-group-is-layout-flex\">\n\n\n\n<div class=\"taxonomy-category wp-block-post-terms\"><a href=\"https:\/\/www.robinormond.com\/en\/category\/travaux\/a-venir\/\" rel=\"tag\">Coming soon<\/a><\/div><\/div>\n<\/div>\n<\/div>\n\n<div class=\"wp-block-post-excerpt has-text-color has-contrast-2-color has-small-font-size wp-container-content-32e3a40d\"><p class=\"wp-block-post-excerpt__excerpt\">by Marius von Mayenburg \u2013 La Scala Paris (premiere 2027) <\/p><\/div>\n\n\n<div style=\"height:0px\" aria-hidden=\"true\" class=\"wp-block-spacer wp-container-content-32e3a40d\"><\/div>\n<\/div>\n\n<\/li><li class=\"wp-block-post post-7095 post type-post status-publish format-standard has-post-thumbnail hentry category-a-venir\">\n<figure style=\"aspect-ratio:3\/4; padding-bottom:var(--wp--preset--spacing--10);margin-bottom:0;\" class=\"wp-block-post-featured-image\"><a href=\"https:\/\/www.robinormond.com\/en\/seisme\/\" target=\"_self\"  ><img loading=\"lazy\" decoding=\"async\" width=\"2048\" height=\"1358\" src=\"https:\/\/www.robinormond.com\/wp-content\/uploads\/2025\/12\/Coming-soon.jpg\" class=\"attachment-post-thumbnail size-post-thumbnail wp-post-image\" alt=\"S\u00e9isme\" style=\"border-top-left-radius:0px;border-top-right-radius:0px;border-bottom-left-radius:0px;border-bottom-right-radius:0px;width:100%;height:100%;object-fit:cover;\" srcset=\"https:\/\/www.robinormond.com\/wp-content\/uploads\/2025\/12\/Coming-soon.jpg 2048w, https:\/\/www.robinormond.com\/wp-content\/uploads\/2025\/12\/Coming-soon-300x199.jpg 300w, https:\/\/www.robinormond.com\/wp-content\/uploads\/2025\/12\/Coming-soon-1024x679.jpg 1024w, https:\/\/www.robinormond.com\/wp-content\/uploads\/2025\/12\/Coming-soon-768x509.jpg 768w, https:\/\/www.robinormond.com\/wp-content\/uploads\/2025\/12\/Coming-soon-1536x1019.jpg 1536w, https:\/\/www.robinormond.com\/wp-content\/uploads\/2025\/12\/Coming-soon-18x12.jpg 18w\" sizes=\"auto, (max-width: 2048px) 100vw, 2048px\" \/><\/a><\/figure>\n\n\n<div class=\"wp-block-group is-vertical is-nowrap is-layout-flex wp-container-core-group-is-layout-97ba36a5 wp-block-group-is-layout-flex\" style=\"margin-top:var(--wp--preset--spacing--20);padding-top:0\"><h2 class=\"wp-block-post-title has-large-font-size wp-container-content-32e3a40d\"><a href=\"https:\/\/www.robinormond.com\/en\/seisme\/\" target=\"_self\" >Lungs<\/a><\/h2>\n\n<div class=\"wp-block-template-part\">\n<div class=\"wp-block-group has-global-padding is-layout-constrained wp-block-group-is-layout-constrained\">\n<div class=\"wp-block-group is-content-justification-left is-layout-flex wp-container-core-group-is-layout-dfe8e91f wp-block-group-is-layout-flex\">\n\n\n\n<div class=\"taxonomy-category wp-block-post-terms\"><a href=\"https:\/\/www.robinormond.com\/en\/category\/travaux\/a-venir\/\" rel=\"tag\">Coming soon<\/a><\/div><\/div>\n<\/div>\n<\/div>\n\n<div class=\"wp-block-post-excerpt has-text-color has-contrast-2-color has-small-font-size wp-container-content-32e3a40d\"><p class=\"wp-block-post-excerpt__excerpt\">by Duncan Macmillan \u2013 Com\u00e9die-Fran\u00e7aise \/ Th\u00e9\u00e2tre du Petit Saint-Martin (2026) <\/p><\/div>\n\n\n<div style=\"height:0px\" aria-hidden=\"true\" class=\"wp-block-spacer wp-container-content-32e3a40d\"><\/div>\n<\/div>\n\n<\/li><li class=\"wp-block-post post-7051 post type-post status-publish format-standard has-post-thumbnail hentry category-a-laffiche\">\n<figure style=\"aspect-ratio:3\/4; padding-bottom:var(--wp--preset--spacing--10);margin-bottom:0;\" class=\"wp-block-post-featured-image\"><a href=\"https:\/\/www.robinormond.com\/en\/der-geisterseher\/\" target=\"_self\"  ><img loading=\"lazy\" decoding=\"async\" width=\"2560\" height=\"1703\" src=\"https:\/\/www.robinormond.com\/wp-content\/uploads\/2025\/12\/Copie-de-can_20251001_074-scaled.jpg\" class=\"attachment-post-thumbnail size-post-thumbnail wp-post-image\" alt=\"Der Geisterseher\" style=\"border-top-left-radius:0px;border-top-right-radius:0px;border-bottom-left-radius:0px;border-bottom-right-radius:0px;width:100%;height:100%;object-fit:cover;\" srcset=\"https:\/\/www.robinormond.com\/wp-content\/uploads\/2025\/12\/Copie-de-can_20251001_074-scaled.jpg 2560w, https:\/\/www.robinormond.com\/wp-content\/uploads\/2025\/12\/Copie-de-can_20251001_074-300x200.jpg 300w, https:\/\/www.robinormond.com\/wp-content\/uploads\/2025\/12\/Copie-de-can_20251001_074-1024x681.jpg 1024w, https:\/\/www.robinormond.com\/wp-content\/uploads\/2025\/12\/Copie-de-can_20251001_074-768x511.jpg 768w, https:\/\/www.robinormond.com\/wp-content\/uploads\/2025\/12\/Copie-de-can_20251001_074-1536x1022.jpg 1536w, https:\/\/www.robinormond.com\/wp-content\/uploads\/2025\/12\/Copie-de-can_20251001_074-2048x1362.jpg 2048w\" sizes=\"auto, (max-width: 2560px) 100vw, 2560px\" \/><\/a><\/figure>\n\n\n<div class=\"wp-block-group is-vertical is-nowrap is-layout-flex wp-container-core-group-is-layout-97ba36a5 wp-block-group-is-layout-flex\" style=\"margin-top:var(--wp--preset--spacing--20);padding-top:0\"><h2 class=\"wp-block-post-title has-large-font-size wp-container-content-32e3a40d\"><a href=\"https:\/\/www.robinormond.com\/en\/der-geisterseher\/\" target=\"_self\" >The Ghost-Seer<\/a><\/h2>\n\n<div class=\"wp-block-template-part\">\n<div class=\"wp-block-group has-global-padding is-layout-constrained wp-block-group-is-layout-constrained\">\n<div class=\"wp-block-group is-content-justification-left is-layout-flex wp-container-core-group-is-layout-dfe8e91f wp-block-group-is-layout-flex\">\n\n\n\n<div class=\"taxonomy-category wp-block-post-terms\"><a href=\"https:\/\/www.robinormond.com\/en\/category\/travaux\/a-laffiche\/\" rel=\"tag\">Now playing<\/a><\/div><\/div>\n<\/div>\n<\/div>\n\n<div class=\"wp-block-post-excerpt has-text-color has-contrast-2-color has-small-font-size wp-container-content-32e3a40d\"><p class=\"wp-block-post-excerpt__excerpt\">after Friedrich Schiller \u2013 Deutsches Nationaltheater Weimar (October 2025) <\/p><\/div>\n\n\n<div style=\"height:0px\" aria-hidden=\"true\" class=\"wp-block-spacer wp-container-content-32e3a40d\"><\/div>\n<\/div>\n\n<\/li><li class=\"wp-block-post post-7061 post type-post status-publish format-standard has-post-thumbnail hentry category-a-laffiche\">\n<figure style=\"aspect-ratio:3\/4; padding-bottom:var(--wp--preset--spacing--10);margin-bottom:0;\" class=\"wp-block-post-featured-image\"><a href=\"https:\/\/www.robinormond.com\/en\/die-nacht-kurz-vor-den-waldern\/\" target=\"_self\"  ><img loading=\"lazy\" decoding=\"async\" width=\"2560\" height=\"1706\" src=\"https:\/\/www.robinormond.com\/wp-content\/uploads\/2025\/12\/Copie-de-BURG_DieNachtKurzVorDenWaldernGP_TommyHetzel_256-scaled.jpg\" class=\"attachment-post-thumbnail size-post-thumbnail wp-post-image\" alt=\"Die Nacht kurz vor den W\u00e4ldern\" style=\"border-top-left-radius:0px;border-top-right-radius:0px;border-bottom-left-radius:0px;border-bottom-right-radius:0px;width:100%;height:100%;object-fit:cover;\" srcset=\"https:\/\/www.robinormond.com\/wp-content\/uploads\/2025\/12\/Copie-de-BURG_DieNachtKurzVorDenWaldernGP_TommyHetzel_256-scaled.jpg 2560w, https:\/\/www.robinormond.com\/wp-content\/uploads\/2025\/12\/Copie-de-BURG_DieNachtKurzVorDenWaldernGP_TommyHetzel_256-300x200.jpg 300w, https:\/\/www.robinormond.com\/wp-content\/uploads\/2025\/12\/Copie-de-BURG_DieNachtKurzVorDenWaldernGP_TommyHetzel_256-1024x683.jpg 1024w, https:\/\/www.robinormond.com\/wp-content\/uploads\/2025\/12\/Copie-de-BURG_DieNachtKurzVorDenWaldernGP_TommyHetzel_256-768x512.jpg 768w, https:\/\/www.robinormond.com\/wp-content\/uploads\/2025\/12\/Copie-de-BURG_DieNachtKurzVorDenWaldernGP_TommyHetzel_256-1536x1024.jpg 1536w, https:\/\/www.robinormond.com\/wp-content\/uploads\/2025\/12\/Copie-de-BURG_DieNachtKurzVorDenWaldernGP_TommyHetzel_256-2048x1365.jpg 2048w\" sizes=\"auto, (max-width: 2560px) 100vw, 2560px\" \/><\/a><\/figure>\n\n\n<div class=\"wp-block-group is-vertical is-nowrap is-layout-flex wp-container-core-group-is-layout-97ba36a5 wp-block-group-is-layout-flex\" style=\"margin-top:var(--wp--preset--spacing--20);padding-top:0\"><h2 class=\"wp-block-post-title has-large-font-size wp-container-content-32e3a40d\"><a href=\"https:\/\/www.robinormond.com\/en\/die-nacht-kurz-vor-den-waldern\/\" target=\"_self\" >The Night Just Before the Forests<\/a><\/h2>\n\n<div class=\"wp-block-template-part\">\n<div class=\"wp-block-group has-global-padding is-layout-constrained wp-block-group-is-layout-constrained\">\n<div class=\"wp-block-group is-content-justification-left is-layout-flex wp-container-core-group-is-layout-dfe8e91f wp-block-group-is-layout-flex\">\n\n\n\n<div class=\"taxonomy-category wp-block-post-terms\"><a href=\"https:\/\/www.robinormond.com\/en\/category\/travaux\/a-laffiche\/\" rel=\"tag\">Now playing<\/a><\/div><\/div>\n<\/div>\n<\/div>\n\n<div class=\"wp-block-post-excerpt has-text-color has-contrast-2-color has-small-font-size wp-container-content-32e3a40d\"><p class=\"wp-block-post-excerpt__excerpt\">by Bernard-Marie Kolt\u00e8s \u2013 Burgtheater Wien (Kasino am Schwarzenbergplatz, 2023) <\/p><\/div>\n\n\n<div style=\"height:0px\" aria-hidden=\"true\" class=\"wp-block-spacer wp-container-content-32e3a40d\"><\/div>\n<\/div>\n\n<\/li><li class=\"wp-block-post post-7074 post type-post status-publish format-standard has-post-thumbnail hentry category-passe\">\n<figure style=\"aspect-ratio:3\/4; padding-bottom:var(--wp--preset--spacing--10);margin-bottom:0;\" class=\"wp-block-post-featured-image\"><a href=\"https:\/\/www.robinormond.com\/en\/peu-importe\/\" target=\"_self\"  ><img loading=\"lazy\" decoding=\"async\" width=\"2560\" height=\"1682\" src=\"https:\/\/www.robinormond.com\/wp-content\/uploads\/2025\/12\/Copie-de-Copie-de-Peu-importe-107-scaled.jpg\" class=\"attachment-post-thumbnail size-post-thumbnail wp-post-image\" alt=\"Peu importe\" style=\"border-top-left-radius:0px;border-top-right-radius:0px;border-bottom-left-radius:0px;border-bottom-right-radius:0px;width:100%;height:100%;object-fit:cover;\" srcset=\"https:\/\/www.robinormond.com\/wp-content\/uploads\/2025\/12\/Copie-de-Copie-de-Peu-importe-107-scaled.jpg 2560w, https:\/\/www.robinormond.com\/wp-content\/uploads\/2025\/12\/Copie-de-Copie-de-Peu-importe-107-300x197.jpg 300w, https:\/\/www.robinormond.com\/wp-content\/uploads\/2025\/12\/Copie-de-Copie-de-Peu-importe-107-1024x673.jpg 1024w, https:\/\/www.robinormond.com\/wp-content\/uploads\/2025\/12\/Copie-de-Copie-de-Peu-importe-107-768x505.jpg 768w, https:\/\/www.robinormond.com\/wp-content\/uploads\/2025\/12\/Copie-de-Copie-de-Peu-importe-107-1536x1009.jpg 1536w, https:\/\/www.robinormond.com\/wp-content\/uploads\/2025\/12\/Copie-de-Copie-de-Peu-importe-107-2048x1346.jpg 2048w\" sizes=\"auto, (max-width: 2560px) 100vw, 2560px\" \/><\/a><\/figure>\n\n\n<div class=\"wp-block-group is-vertical is-nowrap is-layout-flex wp-container-core-group-is-layout-97ba36a5 wp-block-group-is-layout-flex\" style=\"margin-top:var(--wp--preset--spacing--20);padding-top:0\"><h2 class=\"wp-block-post-title has-large-font-size wp-container-content-32e3a40d\"><a href=\"https:\/\/www.robinormond.com\/en\/peu-importe\/\" target=\"_self\" >Whatever<\/a><\/h2>\n\n<div class=\"wp-block-template-part\">\n<div class=\"wp-block-group has-global-padding is-layout-constrained wp-block-group-is-layout-constrained\">\n<div class=\"wp-block-group is-content-justification-left is-layout-flex wp-container-core-group-is-layout-dfe8e91f wp-block-group-is-layout-flex\">\n\n\n\n<div class=\"taxonomy-category wp-block-post-terms\"><a href=\"https:\/\/www.robinormond.com\/en\/category\/travaux\/passe\/\" rel=\"tag\">Past works<\/a><\/div><\/div>\n<\/div>\n<\/div>\n\n<div class=\"wp-block-post-excerpt has-text-color has-contrast-2-color has-small-font-size wp-container-content-32e3a40d\"><p class=\"wp-block-post-excerpt__excerpt\">by Marius von Mayenburg \u2013 La Scala Provence (Avignon, Summer 2025) \/ La Scala Paris (Autumn 2025) <\/p><\/div>\n\n\n<div style=\"height:0px\" aria-hidden=\"true\" class=\"wp-block-spacer wp-container-content-32e3a40d\"><\/div>\n<\/div>\n\n<\/li><li class=\"wp-block-post post-7087 post type-post status-publish format-standard has-post-thumbnail hentry category-passe\">\n<figure style=\"aspect-ratio:3\/4; padding-bottom:var(--wp--preset--spacing--10);margin-bottom:0;\" class=\"wp-block-post-featured-image\"><a href=\"https:\/\/www.robinormond.com\/en\/lepreuve\/\" target=\"_self\"  ><img loading=\"lazy\" decoding=\"async\" width=\"2560\" height=\"1701\" src=\"https:\/\/www.robinormond.com\/wp-content\/uploads\/2025\/12\/Copie-de-IMG_8265-scaled.jpg\" class=\"attachment-post-thumbnail size-post-thumbnail wp-post-image\" alt=\"L\u2019\u00c9preuve\" style=\"border-top-left-radius:0px;border-top-right-radius:0px;border-bottom-left-radius:0px;border-bottom-right-radius:0px;width:100%;height:100%;object-fit:cover;\" srcset=\"https:\/\/www.robinormond.com\/wp-content\/uploads\/2025\/12\/Copie-de-IMG_8265-scaled.jpg 2560w, https:\/\/www.robinormond.com\/wp-content\/uploads\/2025\/12\/Copie-de-IMG_8265-300x199.jpg 300w, https:\/\/www.robinormond.com\/wp-content\/uploads\/2025\/12\/Copie-de-IMG_8265-1024x680.jpg 1024w, https:\/\/www.robinormond.com\/wp-content\/uploads\/2025\/12\/Copie-de-IMG_8265-768x510.jpg 768w, https:\/\/www.robinormond.com\/wp-content\/uploads\/2025\/12\/Copie-de-IMG_8265-1536x1021.jpg 1536w, https:\/\/www.robinormond.com\/wp-content\/uploads\/2025\/12\/Copie-de-IMG_8265-2048x1361.jpg 2048w\" sizes=\"auto, (max-width: 2560px) 100vw, 2560px\" \/><\/a><\/figure>\n\n\n<div class=\"wp-block-group is-vertical is-nowrap is-layout-flex wp-container-core-group-is-layout-97ba36a5 wp-block-group-is-layout-flex\" style=\"margin-top:var(--wp--preset--spacing--20);padding-top:0\"><h2 class=\"wp-block-post-title has-large-font-size wp-container-content-32e3a40d\"><a href=\"https:\/\/www.robinormond.com\/en\/lepreuve\/\" target=\"_self\" >L\u2019\u00c9preuve<\/a><\/h2>\n\n<div class=\"wp-block-template-part\">\n<div class=\"wp-block-group has-global-padding is-layout-constrained wp-block-group-is-layout-constrained\">\n<div class=\"wp-block-group is-content-justification-left is-layout-flex wp-container-core-group-is-layout-dfe8e91f wp-block-group-is-layout-flex\">\n\n\n\n<div class=\"taxonomy-category wp-block-post-terms\"><a href=\"https:\/\/www.robinormond.com\/en\/category\/travaux\/passe\/\" rel=\"tag\">Past works<\/a><\/div><\/div>\n<\/div>\n<\/div>\n\n<div class=\"wp-block-post-excerpt has-text-color has-contrast-2-color has-small-font-size wp-container-content-32e3a40d\"><p class=\"wp-block-post-excerpt__excerpt\">after Marivaux \u2013 Studio-Th\u00e9\u00e2tre of the Com\u00e9die-Fran\u00e7aise (2023) \/ La Scala Provence and Paris (2024) <\/p><\/div>\n\n\n<div style=\"height:0px\" aria-hidden=\"true\" class=\"wp-block-spacer wp-container-content-32e3a40d\"><\/div>\n<\/div>\n\n<\/li><li class=\"wp-block-post post-7077 post type-post status-publish format-standard has-post-thumbnail hentry category-passe\">\n<figure style=\"aspect-ratio:3\/4; padding-bottom:var(--wp--preset--spacing--10);margin-bottom:0;\" class=\"wp-block-post-featured-image\"><a href=\"https:\/\/www.robinormond.com\/en\/die-nacht-kurz-vor-den-waldern-2\/\" target=\"_self\"  ><img loading=\"lazy\" decoding=\"async\" width=\"2560\" height=\"1707\" src=\"https:\/\/www.robinormond.com\/wp-content\/uploads\/2025\/12\/Copie-de-IMG_3781-scaled.jpg\" class=\"attachment-post-thumbnail size-post-thumbnail wp-post-image\" alt=\"Die Nacht kurz vor den W\u00e4ldern\" style=\"border-top-left-radius:0px;border-top-right-radius:0px;border-bottom-left-radius:0px;border-bottom-right-radius:0px;width:100%;height:100%;object-fit:cover;\" srcset=\"https:\/\/www.robinormond.com\/wp-content\/uploads\/2025\/12\/Copie-de-IMG_3781-scaled.jpg 2560w, https:\/\/www.robinormond.com\/wp-content\/uploads\/2025\/12\/Copie-de-IMG_3781-300x200.jpg 300w, https:\/\/www.robinormond.com\/wp-content\/uploads\/2025\/12\/Copie-de-IMG_3781-1024x683.jpg 1024w, https:\/\/www.robinormond.com\/wp-content\/uploads\/2025\/12\/Copie-de-IMG_3781-768x512.jpg 768w, https:\/\/www.robinormond.com\/wp-content\/uploads\/2025\/12\/Copie-de-IMG_3781-1536x1024.jpg 1536w, https:\/\/www.robinormond.com\/wp-content\/uploads\/2025\/12\/Copie-de-IMG_3781-2048x1365.jpg 2048w\" sizes=\"auto, (max-width: 2560px) 100vw, 2560px\" \/><\/a><\/figure>\n\n\n<div class=\"wp-block-group is-vertical is-nowrap is-layout-flex wp-container-core-group-is-layout-97ba36a5 wp-block-group-is-layout-flex\" style=\"margin-top:var(--wp--preset--spacing--20);padding-top:0\"><h2 class=\"wp-block-post-title has-large-font-size wp-container-content-32e3a40d\"><a href=\"https:\/\/www.robinormond.com\/en\/die-nacht-kurz-vor-den-waldern-2\/\" target=\"_self\" >The Night Just Before the Forests<\/a><\/h2>\n\n<div class=\"wp-block-template-part\">\n<div class=\"wp-block-group has-global-padding is-layout-constrained wp-block-group-is-layout-constrained\">\n<div class=\"wp-block-group is-content-justification-left is-layout-flex wp-container-core-group-is-layout-dfe8e91f wp-block-group-is-layout-flex\">\n\n\n\n<div class=\"taxonomy-category wp-block-post-terms\"><a href=\"https:\/\/www.robinormond.com\/en\/category\/travaux\/passe\/\" rel=\"tag\">Past works<\/a><\/div><\/div>\n<\/div>\n<\/div>\n\n<div class=\"wp-block-post-excerpt has-text-color has-contrast-2-color has-small-font-size wp-container-content-32e3a40d\"><p class=\"wp-block-post-excerpt__excerpt\">by Bernard-Marie Kolt\u00e8s \u2013 Residenztheater M\u00fcnchen (2022) <\/p><\/div>\n\n\n<div style=\"height:0px\" aria-hidden=\"true\" class=\"wp-block-spacer wp-container-content-32e3a40d\"><\/div>\n<\/div>\n\n<\/li><li class=\"wp-block-post post-7082 post type-post status-publish format-standard has-post-thumbnail hentry category-passe\">\n<figure style=\"aspect-ratio:3\/4; padding-bottom:var(--wp--preset--spacing--10);margin-bottom:0;\" class=\"wp-block-post-featured-image\"><a href=\"https:\/\/www.robinormond.com\/en\/die-nacht-kurz-vor-den-waldern-3\/\" target=\"_self\"  ><img loading=\"lazy\" decoding=\"async\" width=\"1200\" height=\"800\" src=\"https:\/\/www.robinormond.com\/wp-content\/uploads\/2025\/12\/B96582A186.jpg\" class=\"attachment-post-thumbnail size-post-thumbnail wp-post-image\" alt=\"Die Nacht kurz vor den W\u00e4ldern\" style=\"border-top-left-radius:0px;border-top-right-radius:0px;border-bottom-left-radius:0px;border-bottom-right-radius:0px;width:100%;height:100%;object-fit:cover;\" srcset=\"https:\/\/www.robinormond.com\/wp-content\/uploads\/2025\/12\/B96582A186.jpg 1200w, https:\/\/www.robinormond.com\/wp-content\/uploads\/2025\/12\/B96582A186-300x200.jpg 300w, https:\/\/www.robinormond.com\/wp-content\/uploads\/2025\/12\/B96582A186-1024x683.jpg 1024w, https:\/\/www.robinormond.com\/wp-content\/uploads\/2025\/12\/B96582A186-768x512.jpg 768w\" sizes=\"auto, (max-width: 1200px) 100vw, 1200px\" \/><\/a><\/figure>\n\n\n<div class=\"wp-block-group is-vertical is-nowrap is-layout-flex wp-container-core-group-is-layout-97ba36a5 wp-block-group-is-layout-flex\" style=\"margin-top:var(--wp--preset--spacing--20);padding-top:0\"><h2 class=\"wp-block-post-title has-large-font-size wp-container-content-32e3a40d\"><a href=\"https:\/\/www.robinormond.com\/en\/die-nacht-kurz-vor-den-waldern-3\/\" target=\"_self\" >The Night Just Before the Forests<\/a><\/h2>\n\n<div class=\"wp-block-template-part\">\n<div class=\"wp-block-group has-global-padding is-layout-constrained wp-block-group-is-layout-constrained\">\n<div class=\"wp-block-group is-content-justification-left is-layout-flex wp-container-core-group-is-layout-dfe8e91f wp-block-group-is-layout-flex\">\n\n\n\n<div class=\"taxonomy-category wp-block-post-terms\"><a href=\"https:\/\/www.robinormond.com\/en\/category\/travaux\/passe\/\" rel=\"tag\">Past works<\/a><\/div><\/div>\n<\/div>\n<\/div>\n\n<div class=\"wp-block-post-excerpt has-text-color has-contrast-2-color has-small-font-size wp-container-content-32e3a40d\"><p class=\"wp-block-post-excerpt__excerpt\">by Bernard-Marie Kolt\u00e8s \u2013 Theater Basel (2017) <\/p><\/div>\n\n\n<div style=\"height:0px\" aria-hidden=\"true\" class=\"wp-block-spacer wp-container-content-32e3a40d\"><\/div>\n<\/div>\n\n<\/li><\/ul>\n\n\n<div style=\"margin-top:0;margin-bottom:0;height:var(--wp--preset--spacing--40)\" aria-hidden=\"true\" class=\"wp-block-spacer\"><\/div>\n\n\n<\/div>\n<\/div>","protected":false},"excerpt":{"rendered":"","protected":false},"author":1,"featured_media":0,"parent":0,"menu_order":0,"comment_status":"closed","ping_status":"closed","template":"","meta":{"footnotes":""},"class_list":["post-7154","page","type-page","status-publish","hentry"],"_links":{"self":[{"href":"https:\/\/www.robinormond.com\/en\/wp-json\/wp\/v2\/pages\/7154","targetHints":{"allow":["GET"]}}],"collection":[{"href":"https:\/\/www.robinormond.com\/en\/wp-json\/wp\/v2\/pages"}],"about":[{"href":"https:\/\/www.robinormond.com\/en\/wp-json\/wp\/v2\/types\/page"}],"author":[{"embeddable":true,"href":"https:\/\/www.robinormond.com\/en\/wp-json\/wp\/v2\/users\/1"}],"replies":[{"embeddable":true,"href":"https:\/\/www.robinormond.com\/en\/wp-json\/wp\/v2\/comments?post=7154"}],"version-history":[{"count":6,"href":"https:\/\/www.robinormond.com\/en\/wp-json\/wp\/v2\/pages\/7154\/revisions"}],"predecessor-version":[{"id":7161,"href":"https:\/\/www.robinormond.com\/en\/wp-json\/wp\/v2\/pages\/7154\/revisions\/7161"}],"wp:attachment":[{"href":"https:\/\/www.robinormond.com\/en\/wp-json\/wp\/v2\/media?parent=7154"}],"curies":[{"name":"wp","href":"https:\/\/api.w.org\/{rel}","templated":true}]}}