{"id":7040,"date":"2025-12-11T12:10:58","date_gmt":"2025-12-11T12:10:58","guid":{"rendered":"https:\/\/robinormond.com\/?page_id=7040"},"modified":"2026-01-13T15:37:56","modified_gmt":"2026-01-13T15:37:56","slug":"actualites","status":"publish","type":"page","link":"https:\/\/www.robinormond.com\/en\/actualites\/","title":{"rendered":"News"},"content":{"rendered":"<div class=\"wp-block-columns is-layout-flex wp-container-core-columns-is-layout-28f84493 wp-block-columns-is-layout-flex\">\n<div class=\"wp-block-column is-layout-flow wp-block-column-is-layout-flow\"><\/div>\n<\/div>\n\n\n\n<div class=\"wp-block-group alignfull has-contrast-background-color has-background has-global-padding is-layout-constrained wp-container-core-group-is-layout-910cd699 wp-block-group-is-layout-constrained\" style=\"padding-top:var(--wp--preset--spacing--40);padding-right:var(--wp--preset--spacing--50);padding-bottom:var(--wp--preset--spacing--40);padding-left:var(--wp--preset--spacing--50)\">\n<div class=\"wp-block-columns alignwide is-layout-flex wp-container-core-columns-is-layout-08c01c1c wp-block-columns-is-layout-flex\">\n<div class=\"wp-block-column has-base-2-color has-text-color has-link-color wp-elements-64bb62493f24d0684b01e823c6cbdc83 is-layout-flow wp-block-column-is-layout-flow\" style=\"flex-basis:33%\">\n<p class=\"has-unbounded-font-family\" style=\"font-size:clamp(1.146rem, 1.146rem + ((1vw - 0.2rem) * 1.09), 1.8rem);line-height:1.2\">Upcoming<\/p>\n<\/div>\n\n\n\n<div class=\"wp-block-column has-base-2-color has-text-color has-link-color wp-elements-91092a0e961b516ba09d09bfbc63e7ef is-layout-flow wp-block-column-is-layout-flow\">\n<div class=\"wp-block-group is-nowrap is-layout-flex wp-container-core-group-is-layout-877c468d wp-block-group-is-layout-flex\">\n<div class=\"wp-block-group is-vertical is-content-justification-left is-nowrap is-layout-flex wp-container-core-group-is-layout-970da055 wp-block-group-is-layout-flex\">\n<p style=\"font-style:normal;font-weight:500\"><strong>Direction:<\/strong> <em>Lungs<\/em> by Duncon Macmillan at the <strong>Com\u00e9die-Fran\u00e7aise<\/strong>, from <strong>21 May to 5 July 2026<\/strong><\/p>\n\n\n\n<p style=\"font-style:normal;font-weight:500\"><strong>Translation:<\/strong> <em>Anthropolis. Ungeheuer. Stadt. Theben.<\/em> by <strong>Roland Schimmelpfennig<\/strong> for <strong>L\u2019Arche \u00c9diteur<\/strong>, to be published in <strong>2026<\/strong><\/p>\n<\/div>\n<\/div>\n<\/div>\n<\/div>\n\n\n\n<div class=\"wp-block-group alignfull has-global-padding is-layout-constrained wp-container-core-group-is-layout-301020a0 wp-block-group-is-layout-constrained\" style=\"padding-top:var(--wp--preset--spacing--50);padding-right:var(--wp--preset--spacing--50);padding-bottom:var(--wp--preset--spacing--50);padding-left:var(--wp--preset--spacing--50)\">\n<div class=\"wp-block-columns alignwide is-layout-flex wp-container-core-columns-is-layout-08c01c1c wp-block-columns-is-layout-flex\">\n<div class=\"wp-block-column is-layout-flow wp-block-column-is-layout-flow\" style=\"flex-basis:33%\">\n<p class=\"has-base-2-color has-text-color has-link-color has-unbounded-font-family wp-elements-69ede5209ae40e80c3fc33e5721684c5\" style=\"font-size:clamp(1.146rem, 1.146rem + ((1vw - 0.2rem) * 1.09), 1.8rem);line-height:1.2\">Now playing<\/p>\n<\/div>\n\n\n\n<div class=\"wp-block-column is-layout-flow wp-container-core-column-is-layout-119bc444 wp-block-column-is-layout-flow\">\n<div class=\"wp-block-group is-content-justification-center is-nowrap is-layout-flex wp-container-core-group-is-layout-effb10e5 wp-block-group-is-layout-flex\">\n<div class=\"wp-block-group is-vertical is-content-justification-left is-nowrap is-layout-flex wp-container-core-group-is-layout-970da055 wp-block-group-is-layout-flex\">\n<p class=\"has-base-2-color has-text-color has-link-color wp-elements-2ebaa9df0fd6f7c1eb1c1619865e4ee5\" style=\"font-style:normal;font-weight:500\"><strong>The Night Just Before the Forests<\/strong> by <strong>Bernard-Marie Kolt\u00e8s<\/strong> at the <strong>Burgtheater Wien<\/strong>,  revival from <strong>March 2026<br><\/strong><a href=\"https:\/\/www.burgtheater.at\/produktionen\/die-nacht-kurz-vor-den-waeldern\">Burgtheater Wien<\/a><\/p>\n\n\n\n<p class=\"has-base-2-color has-text-color has-link-color wp-elements-c74a66150c60954eb8719858da6d86ba\" style=\"font-style:normal;font-weight:500\"><strong>The Ghost-Seer<\/strong>\u00a0after\u00a0<strong>Friedrich Schiller<\/strong>\u00a0at the\u00a0<strong>Deutsches Nationaltheater Weimar<\/strong>,  revival from\u00a0<strong>March 2026<br><\/strong><a href=\"https:\/\/www.burgtheater.at\/produktionen\/die-nacht-kurz-vor-den-waeldern\">Deutsches Nationaltheater Weimar<\/a><\/p>\n<\/div>\n<\/div>\n<\/div>\n<\/div>\n<\/div>\n<\/div>\n\n\n\n<p><\/p>","protected":false},"excerpt":{"rendered":"<p>Prochainement Mise en sc\u00e8ne : S\u00e9isme de Duncan Macmillan \u00e0 la Com\u00e9die-Fran\u00e7aise, du 21 mai au 5 juillet 2026 Traduction : Anthropolis. Ungeheuer. Stadt. Theben. de Roland Schimmelpfennig pour L\u2019Arche \u00c9diteur, parution courant 2026 \u00c0 voir actuellement Die Nacht kurz vor den W\u00e4ldern de Bernard-Marie Kolt\u00e8s au Burgtheater Wien, reprise \u00e0 partir de mars 2026Burgtheater [&hellip;]<\/p>\n","protected":false},"author":1,"featured_media":0,"parent":0,"menu_order":0,"comment_status":"closed","ping_status":"closed","template":"","meta":{"footnotes":""},"class_list":["post-7040","page","type-page","status-publish","hentry"],"_links":{"self":[{"href":"https:\/\/www.robinormond.com\/en\/wp-json\/wp\/v2\/pages\/7040","targetHints":{"allow":["GET"]}}],"collection":[{"href":"https:\/\/www.robinormond.com\/en\/wp-json\/wp\/v2\/pages"}],"about":[{"href":"https:\/\/www.robinormond.com\/en\/wp-json\/wp\/v2\/types\/page"}],"author":[{"embeddable":true,"href":"https:\/\/www.robinormond.com\/en\/wp-json\/wp\/v2\/users\/1"}],"replies":[{"embeddable":true,"href":"https:\/\/www.robinormond.com\/en\/wp-json\/wp\/v2\/comments?post=7040"}],"version-history":[{"count":13,"href":"https:\/\/www.robinormond.com\/en\/wp-json\/wp\/v2\/pages\/7040\/revisions"}],"predecessor-version":[{"id":7260,"href":"https:\/\/www.robinormond.com\/en\/wp-json\/wp\/v2\/pages\/7040\/revisions\/7260"}],"wp:attachment":[{"href":"https:\/\/www.robinormond.com\/en\/wp-json\/wp\/v2\/media?parent=7040"}],"curies":[{"name":"wp","href":"https:\/\/api.w.org\/{rel}","templated":true}]}}