{"id":7038,"date":"2025-12-11T12:10:22","date_gmt":"2025-12-11T12:10:22","guid":{"rendered":"https:\/\/robinormond.com\/?page_id=7038"},"modified":"2026-01-13T09:19:33","modified_gmt":"2026-01-13T09:19:33","slug":"ecriture","status":"publish","type":"page","link":"https:\/\/www.robinormond.com\/en\/ecriture\/","title":{"rendered":"Writing"},"content":{"rendered":"<div class=\"wp-block-group alignfull has-base-background-color has-background is-layout-flow wp-block-group-is-layout-flow\" style=\"padding-top:6vw;padding-right:6vw;padding-bottom:6vw;padding-left:6vw\">\n<div class=\"wp-block-group is-vertical is-nowrap is-layout-flex wp-container-core-group-is-layout-36fd9ea3 wp-block-group-is-layout-flex\" style=\"padding-right:0;padding-left:0\">\n<h2 class=\"wp-block-heading\"><strong>Writing \/ Adaptations<\/strong><\/h2>\n\n\n\n<div style=\"height:0px\" aria-hidden=\"true\" class=\"wp-block-spacer wp-container-content-42577013\"><\/div>\n<\/div>\n\n\n\n<div class=\"wp-block-group alignwide is-vertical is-nowrap is-layout-flex wp-container-core-group-is-layout-7946b6b8 wp-block-group-is-layout-flex\" style=\"padding-top:0;padding-right:0;padding-bottom:0;padding-left:0\">\n<div class=\"wp-block-columns alignwide is-layout-flex wp-container-core-columns-is-layout-21b20327 wp-block-columns-is-layout-flex\">\n<div class=\"wp-block-column is-layout-flow wp-block-column-is-layout-flow\" style=\"flex-basis:33.38%\">\n<p><strong>Der Geisterseher \u2013 after Friedrich Schiller <em>(2025)<\/em><\/strong> Created at the <strong>Deutsches Nationaltheater Weimar<br><\/strong><a href=\"https:\/\/www.dnt-weimar.de\/de\/programm\/stueck-detail.php?SID=3700\">DNT Weimar<\/a><\/p>\n\n\n\n<p class=\"has-text-color\" style=\"color:#000000;font-size:clamp(14px, 0.875rem + ((1vw - 3.2px) * 0.313), 17px);\">L\u2019\u00c9preuve \u2013 after Marivaux <em>(2023)<\/em> Created at the <strong>Studio-Th\u00e9\u00e2tre de la Com\u00e9die-Fran\u00e7aise<\/strong>, revived at <strong>La Scala Paris<br><\/strong><a href=\"https:\/\/www.comedie-francaise.fr\/fr\/evenements\/lepreuve-22-23#\">Com\u00e9die-Fran\u00e7aise<\/a> \u00b7<a href=\"https:\/\/lascala-paris.fr\/programmation\/l-epreuve\/\"> La Scala Paris<\/a><\/p>\n<\/div>\n\n\n\n<div class=\"wp-block-column is-layout-flow wp-block-column-is-layout-flow\" style=\"flex-basis:33%\">\n<figure class=\"wp-block-image size-large\"><img loading=\"lazy\" decoding=\"async\" width=\"1024\" height=\"683\" src=\"http:\/\/robinormond.com\/wp-content\/uploads\/2025\/12\/LEpreuve-credit-Hugues-Duchene-1024x683.jpg\" alt=\"\" class=\"wp-image-7115\" srcset=\"https:\/\/www.robinormond.com\/wp-content\/uploads\/2025\/12\/LEpreuve-credit-Hugues-Duchene-1024x683.jpg 1024w, https:\/\/www.robinormond.com\/wp-content\/uploads\/2025\/12\/LEpreuve-credit-Hugues-Duchene-300x200.jpg 300w, https:\/\/www.robinormond.com\/wp-content\/uploads\/2025\/12\/LEpreuve-credit-Hugues-Duchene-768x512.jpg 768w, https:\/\/www.robinormond.com\/wp-content\/uploads\/2025\/12\/LEpreuve-credit-Hugues-Duchene-1536x1024.jpg 1536w, https:\/\/www.robinormond.com\/wp-content\/uploads\/2025\/12\/LEpreuve-credit-Hugues-Duchene-2048x1365.jpg 2048w\" sizes=\"auto, (max-width: 1024px) 100vw, 1024px\" \/><figcaption class=\"wp-element-caption\">\u00a9\ufe0f Hugues Duch\u00eane<\/figcaption><\/figure>\n<\/div>\n\n\n\n<div class=\"wp-block-column is-layout-flow wp-block-column-is-layout-flow\" style=\"flex-basis:33.62%\">\n<figure class=\"wp-block-image size-large\"><img loading=\"lazy\" decoding=\"async\" width=\"1024\" height=\"681\" src=\"http:\/\/robinormond.com\/wp-content\/uploads\/2025\/12\/Der-Geisterseher-credit-Candy-Welz-1024x681.jpg\" alt=\"\" class=\"wp-image-7116\" srcset=\"https:\/\/www.robinormond.com\/wp-content\/uploads\/2025\/12\/Der-Geisterseher-credit-Candy-Welz-1024x681.jpg 1024w, https:\/\/www.robinormond.com\/wp-content\/uploads\/2025\/12\/Der-Geisterseher-credit-Candy-Welz-300x200.jpg 300w, https:\/\/www.robinormond.com\/wp-content\/uploads\/2025\/12\/Der-Geisterseher-credit-Candy-Welz-768x511.jpg 768w, https:\/\/www.robinormond.com\/wp-content\/uploads\/2025\/12\/Der-Geisterseher-credit-Candy-Welz-1536x1022.jpg 1536w, https:\/\/www.robinormond.com\/wp-content\/uploads\/2025\/12\/Der-Geisterseher-credit-Candy-Welz-2048x1362.jpg 2048w\" sizes=\"auto, (max-width: 1024px) 100vw, 1024px\" \/><figcaption class=\"wp-element-caption\">\u00a9\ufe0f Candy Welz<\/figcaption><\/figure>\n<\/div>\n<\/div>\n\n\n\n<div style=\"height:0px\" aria-hidden=\"true\" class=\"wp-block-spacer wp-container-content-dee2fb34\"><\/div>\n\n\n\n<div class=\"wp-block-columns alignwide are-vertically-aligned-top is-layout-flex wp-container-core-columns-is-layout-c24efe4f wp-block-columns-is-layout-flex\">\n<div class=\"wp-block-column is-vertically-aligned-top is-layout-flow wp-block-column-is-layout-flow\" style=\"flex-basis:69%\">\n<figure class=\"wp-block-image size-large\"><img loading=\"lazy\" decoding=\"async\" width=\"1024\" height=\"683\" src=\"http:\/\/robinormond.com\/wp-content\/uploads\/2025\/12\/Les-trois-soeurs-credit-Depagne-1024x683.jpg\" alt=\"\" class=\"wp-image-7117\" srcset=\"https:\/\/www.robinormond.com\/wp-content\/uploads\/2025\/12\/Les-trois-soeurs-credit-Depagne-1024x683.jpg 1024w, https:\/\/www.robinormond.com\/wp-content\/uploads\/2025\/12\/Les-trois-soeurs-credit-Depagne-300x200.jpg 300w, https:\/\/www.robinormond.com\/wp-content\/uploads\/2025\/12\/Les-trois-soeurs-credit-Depagne-768x512.jpg 768w, https:\/\/www.robinormond.com\/wp-content\/uploads\/2025\/12\/Les-trois-soeurs-credit-Depagne.jpg 1200w\" sizes=\"auto, (max-width: 1024px) 100vw, 1024px\" \/><figcaption class=\"wp-element-caption\">\u00a9\ufe0f Elisabeth Carrechio<\/figcaption><\/figure>\n<\/div>\n\n\n\n<div class=\"wp-block-column is-vertically-aligned-top is-layout-flow wp-block-column-is-layout-flow\" style=\"flex-basis:33%\">\n<h2 class=\"wp-block-heading\"><strong>Translations<\/strong><\/h2>\n\n\n\n<p class=\"has-text-color\" style=\"color:#000000;font-size:clamp(14px, 0.875rem + ((1vw - 3.2px) * 0.313), 17px);\"><strong>Three Sisters<\/strong> \u2013 by Simon Stone after Chekhov <em>(2017)<\/em><em><br><\/em>Production: <strong>Od\u00e9on-Th\u00e9\u00e2tre de l\u2019Europe<\/strong><strong><br><\/strong><a href=\"https:\/\/www.theatre-odeon.eu\/fr\/mediatheque-et-archives\/archives\/saison-2017--2018\/les-trois-soeurs\">Od\u00e9on-Th\u00e9\u00e2tre de l\u2019Europe<\/a><\/p>\n\n\n\n<p><strong>The Vengeance Trilogy<\/strong> \u2013 by Simon Stone <em>(2019)<\/em><em><br><\/em>Production: <strong>Od\u00e9on-Th\u00e9\u00e2tre de l\u2019Europe<\/strong><strong><br><\/strong><a href=\"https:\/\/www.theatre-odeon.eu\/fr\/mediatheque-et-archives\/archives\/saison-2018--2019\/la-trilogie-de-la-vengeance\">Od\u00e9on-Th\u00e9\u00e2tre de l\u2019Europe<\/a><\/p>\n\n\n\n<p><strong>The Circle Around the Sun<\/strong> \u2013 by Roland Schimmelpfennig <em>(2022)<\/em><em><br><\/em>For <strong>L\u2019Arche \u00c9diteur<\/strong>, winner of the <strong>Artcena<\/strong> Dramatic Writing Grant and the <strong>Maison Antoine Vitez Translation Award<\/strong><strong><br><\/strong><a href=\"https:\/\/www.artcena.fr\/textes-laureats\/le-cercle-autour-du-soleil\">Artcena<\/a> \u00b7<a href=\"https:\/\/www.arche-editeur.com\/piece\/le-cercle-autour-du-soleil-2106\">L'Arche<\/a> \u00b7<a href=\"https:\/\/www.maisonantoinevitez.com\/fr\/bibliotheque\/le-cercle-autour-du-soleil-1266.html\">Maison Antoine Vitez Translation Award<\/a><\/p>\n\n\n\n<p class=\"has-text-color\" style=\"color:#000000;font-size:clamp(14px, 0.875rem + ((1vw - 3.2px) * 0.313), 17px);\"><strong>Whatever<\/strong> \u2013 by Marius von Mayenburg <em>(2024)<\/em><em><br><\/em>Translation for <strong>L\u2019Arche \u00c9diteur<\/strong><strong><br><\/strong><a href=\"https:\/\/www.arche-editeur.com\/piece\/peu-importe-2192\">L\u2019Arche \u00c9diteur<\/a><\/p>\n<\/div>\n<\/div>\n<\/div>\n\n\n\n<div style=\"height:32px\" aria-hidden=\"true\" class=\"wp-block-spacer\"><\/div>\n\n\n\n<div class=\"wp-block-columns are-vertically-aligned-top is-layout-flex wp-container-core-columns-is-layout-28f84493 wp-block-columns-is-layout-flex\">\n<div class=\"wp-block-column is-vertically-aligned-top is-layout-flow wp-block-column-is-layout-flow\">\n<figure class=\"wp-block-image size-large\"><img loading=\"lazy\" decoding=\"async\" width=\"1024\" height=\"683\" src=\"http:\/\/robinormond.com\/wp-content\/uploads\/2025\/12\/La-trilogie-de-la-vengeance-credit-Elisabeth-Carrecchio-1024x683.jpg\" alt=\"\" class=\"wp-image-7118\" style=\"aspect-ratio:3\/2;object-fit:cover\" srcset=\"https:\/\/www.robinormond.com\/wp-content\/uploads\/2025\/12\/La-trilogie-de-la-vengeance-credit-Elisabeth-Carrecchio-1024x683.jpg 1024w, https:\/\/www.robinormond.com\/wp-content\/uploads\/2025\/12\/La-trilogie-de-la-vengeance-credit-Elisabeth-Carrecchio-300x200.jpg 300w, https:\/\/www.robinormond.com\/wp-content\/uploads\/2025\/12\/La-trilogie-de-la-vengeance-credit-Elisabeth-Carrecchio-768x512.jpg 768w, https:\/\/www.robinormond.com\/wp-content\/uploads\/2025\/12\/La-trilogie-de-la-vengeance-credit-Elisabeth-Carrecchio-1536x1025.jpg 1536w, https:\/\/www.robinormond.com\/wp-content\/uploads\/2025\/12\/La-trilogie-de-la-vengeance-credit-Elisabeth-Carrecchio.jpg 1800w\" sizes=\"auto, (max-width: 1024px) 100vw, 1024px\" \/><figcaption class=\"wp-element-caption\">\u00a9\ufe0f Elisabeth Carrechio<\/figcaption><\/figure>\n<\/div>\n\n\n\n<div class=\"wp-block-column is-vertically-aligned-top is-layout-flow wp-block-column-is-layout-flow\">\n<figure class=\"wp-block-image size-full is-style-default\"><img loading=\"lazy\" decoding=\"async\" width=\"640\" height=\"363\" src=\"http:\/\/robinormond.com\/wp-content\/uploads\/2025\/12\/Le-cercle-autour-du-soleil.jpg\" alt=\"\" class=\"wp-image-7119\" style=\"aspect-ratio:3\/2;object-fit:cover\" srcset=\"https:\/\/www.robinormond.com\/wp-content\/uploads\/2025\/12\/Le-cercle-autour-du-soleil.jpg 640w, https:\/\/www.robinormond.com\/wp-content\/uploads\/2025\/12\/Le-cercle-autour-du-soleil-300x170.jpg 300w\" sizes=\"auto, (max-width: 640px) 100vw, 640px\" \/><\/figure>\n<\/div>\n\n\n\n<div class=\"wp-block-column is-vertically-aligned-top is-layout-flow wp-block-column-is-layout-flow\">\n<figure class=\"wp-block-image size-large\"><img loading=\"lazy\" decoding=\"async\" width=\"1024\" height=\"637\" src=\"http:\/\/robinormond.com\/wp-content\/uploads\/2025\/12\/Peu-importe-credit-Vahid-Amanpour-1024x637.jpg\" alt=\"\" class=\"wp-image-7120\" style=\"aspect-ratio:3\/2;object-fit:cover\" srcset=\"https:\/\/www.robinormond.com\/wp-content\/uploads\/2025\/12\/Peu-importe-credit-Vahid-Amanpour-1024x637.jpg 1024w, https:\/\/www.robinormond.com\/wp-content\/uploads\/2025\/12\/Peu-importe-credit-Vahid-Amanpour-300x187.jpg 300w, https:\/\/www.robinormond.com\/wp-content\/uploads\/2025\/12\/Peu-importe-credit-Vahid-Amanpour-768x478.jpg 768w, https:\/\/www.robinormond.com\/wp-content\/uploads\/2025\/12\/Peu-importe-credit-Vahid-Amanpour-1536x956.jpg 1536w\" sizes=\"auto, (max-width: 1024px) 100vw, 1024px\" \/><figcaption class=\"wp-element-caption\">\u00a9\ufe0f Vahid Amanpour<\/figcaption><\/figure>\n<\/div>\n<\/div>\n<\/div>\n\n\n\n<p><\/p>","protected":false},"excerpt":{"rendered":"<p>\u00c9criture \/ Adaptations Der Geisterseher \u2013 d\u2019apr\u00e8s Friedrich Schiller (2025) Cr\u00e9ation au Deutsches Nationaltheater WeimarDNT Weimar L\u2019\u00c9preuve \u2013 d\u2019apr\u00e8s Marivaux (2023) Cr\u00e9ation au Studio-Th\u00e9\u00e2tre de la Com\u00e9die-Fran\u00e7aise, reprise \u00e0 La Scala ParisCom\u00e9die-Fran\u00e7aise \u00b7 La Scala Paris Traductions Les Trois S\u0153urs \u2013 de Simon Stone d\u2019apr\u00e8s Tchekhov (2017)Production : Od\u00e9on-Th\u00e9\u00e2tre de l\u2019EuropeOd\u00e9on-Th\u00e9\u00e2tre de l\u2019Europe La Trilogie [&hellip;]<\/p>\n","protected":false},"author":1,"featured_media":0,"parent":0,"menu_order":0,"comment_status":"closed","ping_status":"closed","template":"","meta":{"footnotes":""},"class_list":["post-7038","page","type-page","status-publish","hentry"],"_links":{"self":[{"href":"https:\/\/www.robinormond.com\/en\/wp-json\/wp\/v2\/pages\/7038","targetHints":{"allow":["GET"]}}],"collection":[{"href":"https:\/\/www.robinormond.com\/en\/wp-json\/wp\/v2\/pages"}],"about":[{"href":"https:\/\/www.robinormond.com\/en\/wp-json\/wp\/v2\/types\/page"}],"author":[{"embeddable":true,"href":"https:\/\/www.robinormond.com\/en\/wp-json\/wp\/v2\/users\/1"}],"replies":[{"embeddable":true,"href":"https:\/\/www.robinormond.com\/en\/wp-json\/wp\/v2\/comments?post=7038"}],"version-history":[{"count":11,"href":"https:\/\/www.robinormond.com\/en\/wp-json\/wp\/v2\/pages\/7038\/revisions"}],"predecessor-version":[{"id":7256,"href":"https:\/\/www.robinormond.com\/en\/wp-json\/wp\/v2\/pages\/7038\/revisions\/7256"}],"wp:attachment":[{"href":"https:\/\/www.robinormond.com\/en\/wp-json\/wp\/v2\/media?parent=7038"}],"curies":[{"name":"wp","href":"https:\/\/api.w.org\/{rel}","templated":true}]}}