{"id":7034,"date":"2025-12-11T12:09:48","date_gmt":"2025-12-11T12:09:48","guid":{"rendered":"https:\/\/robinormond.com\/?page_id=7034"},"modified":"2026-01-12T13:56:27","modified_gmt":"2026-01-12T13:56:27","slug":"biographie","status":"publish","type":"page","link":"https:\/\/www.robinormond.com\/en\/biographie\/","title":{"rendered":"Bio"},"content":{"rendered":"<div class=\"wp-block-group alignfull has-base-background-color has-background has-global-padding is-layout-constrained wp-container-core-group-is-layout-aff63992 wp-block-group-is-layout-constrained\" style=\"margin-top:0;margin-bottom:0;padding-top:0;padding-right:var(--wp--preset--spacing--50);padding-bottom:0;padding-left:var(--wp--preset--spacing--50)\">\n<div class=\"wp-block-columns alignwide is-layout-flex wp-container-core-columns-is-layout-1da03c2a wp-block-columns-is-layout-flex\">\n<div class=\"wp-block-column is-vertically-aligned-center is-layout-flow wp-block-column-is-layout-flow\" style=\"flex-basis:50%\">\n<p><strong>Robin Ormond<\/strong> is a theatre director, dramaturg and translator.\nA graduate of Sciences Po Paris, he began his career as an assistant director at the Schauspielhaus Wien and the Theater Basel, before working as artistic collaborator to <strong>Simon Stone<\/strong> for six years<\/p>\n\n\n\n<p>He now develops his own productions between <strong>France<\/strong>, <strong>Austria<\/strong> and <strong>Germany<\/strong>, notably at the <strong>Com\u00e9die-Fran\u00e7aise<\/strong>, the <strong>Burgtheater Wien<\/strong>, the <strong>Deutsches Nationaltheater Weimar<\/strong> and <strong>La Scala Provence\/Paris<\/strong>.<\/p>\n\n\n\n<p>His work often intertwines writing, adaptation and translation.<\/p>\n\n\n\n<p>In parallel, he teaches and leads theatre workshops in a variety of contexts <strong>\u2014<\/strong>schools, prisons and hospitals \u2014 with a sustained focus on language, transmission and collective invention. <strong>He works in French<\/strong>, <strong>German<\/strong> and <strong>English<\/strong>.<\/p>\n<\/div>\n\n\n\n<div class=\"wp-block-column is-vertically-aligned-center is-layout-flow wp-block-column-is-layout-flow\" style=\"flex-basis:50%\">\n<figure class=\"wp-block-image size-full is-style-default\"><img loading=\"lazy\" decoding=\"async\" width=\"1707\" height=\"2560\" src=\"https:\/\/robinormond.com\/wp-content\/uploads\/2025\/12\/Portrait_-copyright-Camille-Huguenot-scaled.jpg\" alt=\"\" class=\"wp-image-7105\" style=\"aspect-ratio:3\/4;object-fit:cover\" srcset=\"https:\/\/www.robinormond.com\/wp-content\/uploads\/2025\/12\/Portrait_-copyright-Camille-Huguenot-scaled.jpg 1707w, https:\/\/www.robinormond.com\/wp-content\/uploads\/2025\/12\/Portrait_-copyright-Camille-Huguenot-200x300.jpg 200w, https:\/\/www.robinormond.com\/wp-content\/uploads\/2025\/12\/Portrait_-copyright-Camille-Huguenot-683x1024.jpg 683w, https:\/\/www.robinormond.com\/wp-content\/uploads\/2025\/12\/Portrait_-copyright-Camille-Huguenot-768x1152.jpg 768w, https:\/\/www.robinormond.com\/wp-content\/uploads\/2025\/12\/Portrait_-copyright-Camille-Huguenot-1024x1536.jpg 1024w, https:\/\/www.robinormond.com\/wp-content\/uploads\/2025\/12\/Portrait_-copyright-Camille-Huguenot-1365x2048.jpg 1365w\" sizes=\"auto, (max-width: 1707px) 100vw, 1707px\" \/><figcaption class=\"wp-element-caption\"><em>\u00a9<\/em> Camille Huguenot<\/figcaption><\/figure>\n<\/div>\n<\/div>\n<\/div>","protected":false},"excerpt":{"rendered":"<p>Robin Ormond est metteur en sc\u00e8ne, dramaturge et traducteur. Form\u00e9 \u00e0 Sciences Po Paris, il d\u00e9bute comme assistant \u00e0 la mise en sc\u00e8ne au Schauspielhaus Wien puis au Theater Basel avant de devenir le collaborateur artistique de Simon Stone pendant six ans. Il d\u00e9veloppe aujourd\u2019hui ses propres cr\u00e9ations entre la France, l\u2019Autriche et l\u2019Allemagne, notamment [&hellip;]<\/p>\n","protected":false},"author":1,"featured_media":0,"parent":0,"menu_order":0,"comment_status":"closed","ping_status":"closed","template":"","meta":{"footnotes":""},"class_list":["post-7034","page","type-page","status-publish","hentry"],"_links":{"self":[{"href":"https:\/\/www.robinormond.com\/en\/wp-json\/wp\/v2\/pages\/7034","targetHints":{"allow":["GET"]}}],"collection":[{"href":"https:\/\/www.robinormond.com\/en\/wp-json\/wp\/v2\/pages"}],"about":[{"href":"https:\/\/www.robinormond.com\/en\/wp-json\/wp\/v2\/types\/page"}],"author":[{"embeddable":true,"href":"https:\/\/www.robinormond.com\/en\/wp-json\/wp\/v2\/users\/1"}],"replies":[{"embeddable":true,"href":"https:\/\/www.robinormond.com\/en\/wp-json\/wp\/v2\/comments?post=7034"}],"version-history":[{"count":5,"href":"https:\/\/www.robinormond.com\/en\/wp-json\/wp\/v2\/pages\/7034\/revisions"}],"predecessor-version":[{"id":7237,"href":"https:\/\/www.robinormond.com\/en\/wp-json\/wp\/v2\/pages\/7034\/revisions\/7237"}],"wp:attachment":[{"href":"https:\/\/www.robinormond.com\/en\/wp-json\/wp\/v2\/media?parent=7034"}],"curies":[{"name":"wp","href":"https:\/\/api.w.org\/{rel}","templated":true}]}}